{"id":101,"date":"2022-09-22T17:10:07","date_gmt":"2022-09-22T17:10:07","guid":{"rendered":"https:\/\/pozdroower.pl\/?page_id=101"},"modified":"2022-09-26T17:31:46","modified_gmt":"2022-09-26T17:31:46","slug":"kontakt","status":"publish","type":"page","link":"https:\/\/pozdroower.pl\/index.php\/kontakt\/","title":{"rendered":"KONTAKT"},"content":{"rendered":"\n\t\t\t<link rel=\"stylesheet\" property=\"stylesheet\" href=\"https:\/\/pozdroower.pl\/wp-content\/plugins\/happyforms\/bundles\/css\/frontend.css\" \/>\n\t\t\t\t<!-- HappyForms CSS variables -->\n\t<style>\n\t#happyforms-160 {\n\t\t--happyforms-part-title-font-size: 16px;\n--happyforms-part-description-font-size: 12px;\n--happyforms-part-value-font-size: 16px;\n--happyforms-submit-button-font-size: 16px;\n--happyforms-color-primary: #000000;\n--happyforms-color-success-notice: #ebf9f0;\n--happyforms-color-success-notice-text: #1eb452;\n--happyforms-color-error: #f23000;\n--happyforms-color-error-notice: #ffeeea;\n--happyforms-color-error-notice-text: #f23000;\n--happyforms-color-part-title: #000000;\n--happyforms-color-part-value: #000000;\n--happyforms-color-part-placeholder: #888888;\n--happyforms-color-part-description: #454545;\n--happyforms-color-part-border: #dbdbdb;\n--happyforms-color-part-border-focus: #7aa4ff;\n--happyforms-color-part-background: #ffffff;\n--happyforms-color-part-background-focus: #ffffff;\n--happyforms-color-submit-background: #000000;\n--happyforms-color-submit-background-hover: #000000;\n--happyforms-color-submit-border: transparent;\n--happyforms-color-submit-text: #ffffff;\n--happyforms-color-submit-text-hover: #ffffff;\n--happyforms-color-table-row-odd: #fcfcfc;\n--happyforms-color-table-row-even: #efefef;\n--happyforms-color-table-row-odd-text: #000000;\n--happyforms-color-table-row-even-text: #000000;\n--happyforms-color-dropdown-item-bg: #ffffff;\n--happyforms-color-dropdown-item-text: #000000;\n--happyforms-color-dropdown-item-bg-hover: #f4f4f5;\n--happyforms-color-dropdown-item-text-hover: #000000;\n--happyforms-color-divider-hr: #cccccc;\n--happyforms-color-choice-checkmark-bg: #ffffff;\n--happyforms-color-choice-checkmark-bg-focus: #000000;\n--happyforms-color-choice-checkmark-color: #ffffff;\n\t}\n\t<\/style>\n\t<!-- End of HappyForms CSS variables -->\n\t\t<!-- HappyForms Additional CSS -->\n\t<style data-happyforms-additional-css>\n\t\t<\/style>\n\t<!-- End of HappyForms Additional CSS -->\n\t\t\t<link rel=\"stylesheet\" type=\"text\/css\" href=\"https:\/\/pozdroower.pl\/wp-content\/plugins\/happyforms\/core\/assets\/css\/no-interaction.css\">\n\t\t<div class=\"happyforms-form happyforms-styles\" id=\"happyforms-160\">\n\t\t\n\t<form action=\"\" id=\"happyforms-form-160\" method=\"post\" novalidate=\"true\" autocomplete=\"off\">\n\t\t\t\t<input type=\"hidden\" name=\"happyforms_random_seed\" value=\"2742920202\" \/>\n\t\t\n\t\t\t<input type=\"hidden\" name=\"action\" value=\"happyforms_message\">\n\t\t\t\t<input type=\"hidden\" name=\"client_referer\" value=\"\">\n\t\t\t\t<input type=\"hidden\" name=\"current_post_id\" value=\"\">\n\t\t\t\t<input type=\"hidden\" name=\"happyforms_form_id\" value=\"160\" \/>\n\t\t\t\t<input type=\"hidden\" name=\"happyforms_step\" value=\"0\" \/>\n\t\n\t\t<div class=\"happyforms-flex\">\n\t\t\t\t<label for=\"160-single_line_text\" class=\"screen-reader-text\">Leave this field blank<\/label>\n\t<input type=\"text\" id=\"160-single_line_text\" name=\"160-single_line_text\" style=\"display: none;\" tabindex=\"-1\" autocomplete=\"off\" aria-hidden=\"true\">\n\t\t\t\t\t\t\t\t\t\t<div class=\"happyforms-form__part happyforms-part happyforms-part--single_line_text happyforms-part--width-half happyforms-part--label-show\" id=\"happyforms-160_single_line_text_0-part\" data-happyforms-type=\"single_line_text\" data-happyforms-id=\"single_line_text_0\" data-happyforms-required=\"\">\n\t<div class=\"happyforms-part-wrap\">\n\t\t\n\t\t\t\t\t\t<div class=\"happyforms-part__label-container\">\n\t\t\t\t<label for=\"happyforms-160_single_line_text_0\" class=\"happyforms-part__label\">\n\t\t\t<span class=\"label\">IMI\u0118<\/span>\n\t\t\t\t\t\t\t\t\t\t<span class=\"happyforms-required\"><\/span>\n\t\t\t\t\t\t\t\t\t\t<span class=\"happyforms-optional\"><\/span>\n\t\t\t\t\t<\/label>\n\t\t\t<\/div>\n\t\t\t\n\t\t\n\t\t<div class=\"happyforms-part__el\">\n\t\t\t\n\t\t\t\t\t\t<div class=\"happyforms-input-group with-prefix\">\n\t\t\t\t\t\t\t\t\t<div class=\"happyforms-input-group__prefix\">\n\t\t\t\t\t\t<span>1.<\/span>\n\t\t\t\t\t<\/div>\n\t\t\t\t\t\t\t\n\t\t\t<div class=\"happyforms-input\">\n\t\t\t\t\n\t\t\t\t<input id=\"happyforms-160_single_line_text_0\" type=\"text\" name=\"160_single_line_text_0\" value=\"\" placeholder=\"Imi\u0119\" autocomplete=\"off\" spellcheck=\"false\"  autocorrect=\"off\" \/>\n\t\t\t\t\t\t\t<\/div>\n\n\t\t\t\t\t\t\t\t\t\t<\/div><!-- \/.happyforms-input-group -->\n\t\t\t\n\t\t\t\n\t\t\t\t\t<\/div>\n\t<\/div>\n<\/div>\n<div class=\"happyforms-part--with-autocomplete happyforms-form__part happyforms-part happyforms-part--email happyforms-part--width-half happyforms-part--label-show\" id=\"happyforms-160_email_1-part\" data-happyforms-type=\"email\" data-happyforms-id=\"email_1\" data-happyforms-required=\"\">\n\t\t<div class=\"happyforms-part-wrap\">\n\t\t\t\t\t\t<div class=\"happyforms-part__label-container\">\n\t\t\t\t<label for=\"happyforms-160_email_1\" class=\"happyforms-part__label\">\n\t\t\t<span class=\"label\">TW\u00d3J ADRES E-MAIL<\/span>\n\t\t\t\t\t\t\t\t\t\t<span class=\"happyforms-required\"><\/span>\n\t\t\t\t\t\t\t\t\t\t<span class=\"happyforms-optional\"><\/span>\n\t\t\t\t\t<\/label>\n\t\t\t<\/div>\n\t\t\t\n\t\t\n\t\t<div class=\"happyforms-part__el\">\n\t\t\t\n\t\t\t\t\t\t<div class=\"happyforms-input-group with-prefix\">\n\t\t\t\t\t\t\t\t\t\t\t<div class=\"happyforms-input-group__prefix\">\n\t\t\t\t\t\t\t<span>2.<\/span>\n\t\t\t\t\t\t<\/div>\n\t\t\t\t\t\t\t\t\n\t\t\t<div class=\"happyforms-input\">\n\t\t\t\t<input type=\"email\" name=\"160_email_1\" id=\"happyforms-160_email_1\" value=\"\" placeholder=\"Adres e-mail\" autocomplete=\"off\" spellcheck=\"false\"  autocorrect=\"off\" \/>\n\t\t\t\t\t\t\t<\/div>\n\n\t\t\t\t\t\t\t\n\t\t\t<\/div><!-- \/.happyforms-input-group -->\n\t\t\t\n\t\t\t\n\t\t\t\t\t<\/div>\n\t<\/div>\n<\/div>\n<div class=\"happyforms-form__part happyforms-part happyforms-part--multi_line_text happyforms-part--width-full happyforms-part--label-show\" id=\"happyforms-160_multi_line_text_5-part\" data-happyforms-type=\"multi_line_text\" data-happyforms-id=\"multi_line_text_5\" data-happyforms-required=\"\">\n\t<div class=\"happyforms-part-wrap\">\n\t\t\t\t\t\t<div class=\"happyforms-part__label-container\">\n\t\t\t\t<label for=\"happyforms-160_multi_line_text_5\" class=\"happyforms-part__label\">\n\t\t\t<span class=\"label\">TEKST WIADOMO\u015aCI<\/span>\n\t\t\t\t\t\t\t\t\t\t<span class=\"happyforms-required\"><\/span>\n\t\t\t\t\t\t\t\t\t\t<span class=\"happyforms-optional\"><\/span>\n\t\t\t\t\t<\/label>\n\t\t\t<\/div>\n\t\t\t\n\t\t\n\t\t<div class=\"happyforms-part__el\">\n\t\t\t\n\t\t\t\t\t\t<textarea id=\"happyforms-160_multi_line_text_5\" name=\"160_multi_line_text_5\" rows=\"5\" placeholder=\"Tekst wiadomo\u015bci\" autocomplete=\"off\" spellcheck=\"false\" autocorrect=\"off\" ><\/textarea>\n\t\t\t\n\t\t\t\n\t\t\t\t\t<\/div>\n\t<\/div>\n<\/div>\n<div class=\"happyforms-form__part happyforms-part happyforms-part--single_line_text happyforms-part--width-full happyforms-part--label-show\" id=\"happyforms-160_single_line_text_7-part\" data-happyforms-type=\"single_line_text\" data-happyforms-id=\"single_line_text_7\">\n\t<div class=\"happyforms-part-wrap\">\n\t\t\n\t\t\t\t\t\t<div class=\"happyforms-part__label-container\">\n\t\t\t\t<label for=\"happyforms-160_single_line_text_7\" class=\"happyforms-part__label\">\n\t\t\t<span class=\"label\">SK\u0104D SI\u0118 DOWIEDZIA\u0141E\u015a O POZDROOWER.PL<\/span>\n\t\t\t\t\t\t\t\t\t\t<span class=\"happyforms-required\"><\/span>\n\t\t\t\t\t\t\t\t\t\t<span class=\"happyforms-optional\"><\/span>\n\t\t\t\t\t<\/label>\n\t\t\t<\/div>\n\t\t\t\n\t\t\n\t\t<div class=\"happyforms-part__el\">\n\t\t\t\n\t\t\t\n\t\t\t<div class=\"happyforms-input\">\n\t\t\t\t\n\t\t\t\t<input id=\"happyforms-160_single_line_text_7\" type=\"text\" name=\"160_single_line_text_7\" value=\"\" placeholder=\"np. Instagram, Facebook, TikTok, Przyjaciele...\" autocomplete=\"off\" spellcheck=\"false\"  autocorrect=\"off\" \/>\n\t\t\t\t\t\t\t<\/div>\n\n\t\t\t\n\t\t\t\n\t\t\t\t\t<\/div>\n\t<\/div>\n<\/div>\n<div class=\"happyforms-part--choice display-type--block happyforms-form__part happyforms-part happyforms-part--checkbox happyforms-part--width-full happyforms-part--label-hidden\" id=\"happyforms-160_checkbox_8-part\" data-happyforms-type=\"checkbox\" data-happyforms-id=\"checkbox_8\" data-happyforms-required=\"\">\n\t<div class=\"happyforms-part-wrap\">\n\t\t\t<div class=\"happyforms-part__label-container\">\n\t\t\t<\/div>\n\t\n\t\t\n\t\t\n\t\t<div class=\"happyforms-part__el\">\n\t\t\t\n\t\t\t\t\t\t\t\t\t\t<div class=\"happyforms-part__option happyforms-part-option\" id=\"checkbox_8_0\">\n\t\t\t\t<label class=\"option-label\">\n\t\t\t\t\t<input type=\"checkbox\" class=\"happyforms-visuallyhidden happyforms-checkbox\" name=\"160_checkbox_8[]\" value=\"0\" data-serialize  autocomplete=\"off\" spellcheck=\"false\"  >\n\t\t\t\t\t<span class=\"checkmark\"><svg xmlns=\"http:\/\/www.w3.org\/2000\/svg\" width=\"12\" height=\"12\" viewBox=\"0 0 24 24\"><path fill=\"currentColor\" d=\"M20.285 2l-11.285 11.567-5.286-5.011-3.714 3.716 9 8.728 15-15.285z\"\/><\/svg><\/span>\n\t\t\t\t\t<span class=\"label-wrap\">\n\t\t\t\t\t\t<span class=\"label\">POTWIERDZAM, \u017bE NIE JESTEM ROBOTEM<\/span>\t\t\t\t\t<\/span>\n\t\t\t\t<\/label>\n\t\t\t\t\t\t\t<\/div>\n\t\t\t\n\t\t\t\n\t\t\t\t\t<\/div>\n\t<\/div>\n<\/div>\n\t\t\t\t\t\t<div class=\"happyforms-form__part happyforms-part happyforms-part--submit\">\n\t\t<button type=\"submit\" class=\"happyforms-submit happyforms-button--submit \">WY\u015aLIJ<\/button>\n\t<\/div>\t\t<\/div>\n\n\t\t\t<\/form>\n\n\t<\/div>\n\n","protected":false},"excerpt":{"rendered":"","protected":false},"author":1,"featured_media":0,"parent":0,"menu_order":0,"comment_status":"closed","ping_status":"closed","template":"","meta":{"_themeisle_gutenberg_block_has_review":false,"footnotes":""},"class_list":["post-101","page","type-page","status-publish","hentry"],"_links":{"self":[{"href":"https:\/\/pozdroower.pl\/index.php\/wp-json\/wp\/v2\/pages\/101","targetHints":{"allow":["GET"]}}],"collection":[{"href":"https:\/\/pozdroower.pl\/index.php\/wp-json\/wp\/v2\/pages"}],"about":[{"href":"https:\/\/pozdroower.pl\/index.php\/wp-json\/wp\/v2\/types\/page"}],"author":[{"embeddable":true,"href":"https:\/\/pozdroower.pl\/index.php\/wp-json\/wp\/v2\/users\/1"}],"replies":[{"embeddable":true,"href":"https:\/\/pozdroower.pl\/index.php\/wp-json\/wp\/v2\/comments?post=101"}],"version-history":[{"count":4,"href":"https:\/\/pozdroower.pl\/index.php\/wp-json\/wp\/v2\/pages\/101\/revisions"}],"predecessor-version":[{"id":161,"href":"https:\/\/pozdroower.pl\/index.php\/wp-json\/wp\/v2\/pages\/101\/revisions\/161"}],"wp:attachment":[{"href":"https:\/\/pozdroower.pl\/index.php\/wp-json\/wp\/v2\/media?parent=101"}],"curies":[{"name":"wp","href":"https:\/\/api.w.org\/{rel}","templated":true}]}}